{"id":18918,"date":"2014-06-02T11:17:04","date_gmt":"2014-06-02T11:17:04","guid":{"rendered":"http:\/\/demo.select-themes.com\/stockholm1\/?page_id=18918"},"modified":"2019-04-05T14:55:13","modified_gmt":"2019-04-05T14:55:13","slug":"contato","status":"publish","type":"page","link":"https:\/\/www.solariscomunicacao.com.br\/institucional\/contato\/","title":{"rendered":"Contato"},"content":{"rendered":"<div     class=\"vc_row wpb_row section vc_row-fluid grid_section\" style='background-color:#ffffff; padding-top:100px; padding-bottom:30px; text-align:left;'><div class=\" section_inner clearfix\"><div class='section_inner_margin clearfix'>\n\t<div class=\"vc_col-sm-6 wpb_column vc_column_container \">\n\t\t<div class=\"wpb_wrapper\">\n\t\t\t<div class='q_icon_with_title  circle with_border_line'><div class=\"icon_holder \" style=\" \"><div class=\"icon_holder_inner\"><span class=\"q_font_elegant_holder circle  custom-font\" style=\"font-size: 25px;background-color: #fba51a;\"><span class=\"icon_text_icon q_font_elegant_icon icon_pin_alt\" aria-hidden=\"true\" style=\"font-size: 25px;\"><\/span><\/span><\/div><\/div><div class=\"icon_text_holder\" style=\"padding-left: 100px\"><div class=\"icon_text_inner\" style=\"\"><h4 class=\"icon_title\" style=\"color: #fba51a\">UBERL\u00c2NDIA MG<\/h4><p style=''>34 3224-4284 \/ 34 99106-4496 <\/p><a class='icon_with_title_link' href='https:\/\/www.solariscomunicacao.com.br\/contato\/' target='_self' style=''>Av. Salom\u00e3o Abrah\u00e3o, 1207 - Sala 03 - B. Santa M\u00f4nica<\/a><\/div><\/div><\/div>\n\t\t<\/div> \n\t<\/div> \n<\/div><\/div><\/div>\n","protected":false},"excerpt":{"rendered":"UBERL\u00c2NDIA MG34 3224-4284 \/ 34 99106-4496 Av. Salom\u00e3o Abrah\u00e3o, 1207 - Sala 03 - B. Santa M\u00f4nica","protected":false},"author":1,"featured_media":0,"parent":0,"menu_order":0,"comment_status":"open","ping_status":"open","template":"contact-page.php","meta":[],"_links":{"self":[{"href":"https:\/\/www.solariscomunicacao.com.br\/institucional\/wp-json\/wp\/v2\/pages\/18918"}],"collection":[{"href":"https:\/\/www.solariscomunicacao.com.br\/institucional\/wp-json\/wp\/v2\/pages"}],"about":[{"href":"https:\/\/www.solariscomunicacao.com.br\/institucional\/wp-json\/wp\/v2\/types\/page"}],"author":[{"embeddable":true,"href":"https:\/\/www.solariscomunicacao.com.br\/institucional\/wp-json\/wp\/v2\/users\/1"}],"replies":[{"embeddable":true,"href":"https:\/\/www.solariscomunicacao.com.br\/institucional\/wp-json\/wp\/v2\/comments?post=18918"}],"version-history":[{"count":23,"href":"https:\/\/www.solariscomunicacao.com.br\/institucional\/wp-json\/wp\/v2\/pages\/18918\/revisions"}],"predecessor-version":[{"id":22980,"href":"https:\/\/www.solariscomunicacao.com.br\/institucional\/wp-json\/wp\/v2\/pages\/18918\/revisions\/22980"}],"wp:attachment":[{"href":"https:\/\/www.solariscomunicacao.com.br\/institucional\/wp-json\/wp\/v2\/media?parent=18918"}],"curies":[{"name":"wp","href":"https:\/\/api.w.org\/{rel}","templated":true}]}}