{"id":18859,"date":"2014-06-02T09:22:38","date_gmt":"2014-06-02T09:22:38","guid":{"rendered":"http:\/\/demo.select-themes.com\/stockholm1\/?page_id=18859"},"modified":"2019-04-05T14:41:51","modified_gmt":"2019-04-05T14:41:51","slug":"a-agencia","status":"publish","type":"page","link":"https:\/\/www.solariscomunicacao.com.br\/institucional\/a-agencia\/","title":{"rendered":"a ag\u00eancia"},"content":{"rendered":"<div     class=\"vc_row wpb_row section vc_row-fluid grid_section\" style='background-color:#ffffff; padding-top:100px; padding-bottom:60px; text-align:left;'><div class=\" section_inner clearfix\"><div class='section_inner_margin clearfix'>\n\t<div class=\"vc_col-sm-4 wpb_column vc_column_container \">\n\t\t<div class=\"wpb_wrapper\">\n\t\t\t<div class=\"separator  transparent center  \" style=\"border-width:1px;margin-top:7px;margin-bottom:0px\"><\/div>\n\n\t<div class=\"wpb_text_column wpb_content_element \">\n\t\t<div class=\"wpb_wrapper\">\n\t\t\t<h5>somos investimento<\/h5>\n\n\t\t<\/div> \n\t<\/div> <div class=\"separator  transparent center  \" style=\"border-width:1px;margin-top:20px;margin-bottom:0px\"><\/div>\n\n\t<div class=\"wpb_text_column wpb_content_element \">\n\t\t<div class=\"wpb_wrapper\">\n\t\t\t<p>O valor aplicado em uma comunica\u00e7\u00e3o correta sempre retorna a\u00a0sua porta.<\/p>\n\n\t\t<\/div> \n\t<\/div> <div class=\"separator  transparent center  \" style=\"border-width:1px;margin-top:20px;margin-bottom:0px\"><\/div>\n<div class=\"separator  transparent center  \" style=\"border-width:1px;margin-top:20px;margin-bottom:0px\"><\/div>\n\n\t<div class=\"wpb_text_column wpb_content_element \">\n\t\t<div class=\"wpb_wrapper\">\n\t\t\t<pre><\/pre>\n<h5>menos que \u00e9 mais<\/h5>\n\n\t\t<\/div> \n\t<\/div> <div class=\"separator  transparent center  \" style=\"border-width:1px;margin-top:20px;margin-bottom:0px\"><\/div>\n\n\t<div class=\"wpb_text_column wpb_content_element \">\n\t\t<div class=\"wpb_wrapper\">\n\t\t\t<p>Com foco em uma estrutura enxuta, oferecemos um atendimento mais pr\u00f3ximo e um valor mais justo.<\/p>\n\n\t\t<\/div> \n\t<\/div> \n\t\t<\/div> \n\t<\/div> \n\n\t<div class=\"vc_col-sm-4 wpb_column vc_column_container \">\n\t\t<div class=\"wpb_wrapper\">\n\t\t\t<div class=\"separator  transparent center  \" style=\"border-width:1px;margin-top:7px;margin-bottom:0px\"><\/div>\n\n\t<div class=\"wpb_text_column wpb_content_element \">\n\t\t<div class=\"wpb_wrapper\">\n\t\t\t<h5>planejamos cada ponto<\/h5>\n\n\t\t<\/div> \n\t<\/div> <div class=\"separator  transparent center  \" style=\"border-width:1px;margin-top:20px;margin-bottom:0px\"><\/div>\n\n\t<div class=\"wpb_text_column wpb_content_element \">\n\t\t<div class=\"wpb_wrapper\">\n\t\t\t<p>A cor, o tra\u00e7o, o texto, tem sempre um por que de existir em nossas cria\u00e7\u00f5es.<\/p>\n\n\t\t<\/div> \n\t<\/div> <div class=\"separator  transparent center  \" style=\"border-width:1px;margin-top:20px;margin-bottom:0px\"><\/div>\n<div class=\"separator  transparent center  \" style=\"border-width:1px;margin-top:20px;margin-bottom:0px\"><\/div>\n\n\t<div class=\"wpb_text_column wpb_content_element \">\n\t\t<div class=\"wpb_wrapper\">\n\t\t\t<h5>conhecimento nunca \u00e9 demais<\/h5>\n\n\t\t<\/div> \n\t<\/div> <div class=\"separator  transparent center  \" style=\"border-width:1px;margin-top:20px;margin-bottom:0px\"><\/div>\n\n\t<div class=\"wpb_text_column wpb_content_element \">\n\t\t<div class=\"wpb_wrapper\">\n\t\t\t<p>Curiosidade, busca permanente por novos caminhos\u00a0e muito estudo \u00e9 algo que n\u00e3o falta por aqui.<\/p>\n\n\t\t<\/div> \n\t<\/div> \n\t\t<\/div> \n\t<\/div> \n\n\t<div class=\"vc_col-sm-4 wpb_column vc_column_container \">\n\t\t<div class=\"wpb_wrapper\">\n\t\t\t<div class=\"separator  transparent center  \" style=\"border-width:1px;margin-top:7px;margin-bottom:0px\"><\/div>\n\n\t<div class=\"wpb_text_column wpb_content_element \">\n\t\t<div class=\"wpb_wrapper\">\n\t\t\t<h5>somos estrat\u00e9gia<\/h5>\n\n\t\t<\/div> \n\t<\/div> <div class=\"separator  transparent center  \" style=\"border-width:1px;margin-top:20px;margin-bottom:0px\"><\/div>\n\n\t<div class=\"wpb_text_column wpb_content_element \">\n\t\t<div class=\"wpb_wrapper\">\n\t\t\t<p>Para o sucesso de uma grande ideia \u00e9 sempre obrigat\u00f3rio um bom planejamento.<\/p>\n\n\t\t<\/div> \n\t<\/div> <div class=\"separator  transparent center  \" style=\"border-width:1px;margin-top:20px;margin-bottom:0px\"><\/div>\n<div class=\"separator  transparent center  \" style=\"border-width:1px;margin-top:20px;margin-bottom:0px\"><\/div>\n\n\t<div class=\"wpb_text_column wpb_content_element \">\n\t\t<div class=\"wpb_wrapper\">\n\t\t\t<h5>nem sempre concordamos<\/h5>\n\n\t\t<\/div> \n\t<\/div> <div class=\"separator  transparent center  \" style=\"border-width:1px;margin-top:20px;margin-bottom:0px\"><\/div>\n\n\t<div class=\"wpb_text_column wpb_content_element \">\n\t\t<div class=\"wpb_wrapper\">\n\t\t\t<p>Sugerimos sempre a f\u00f3rmula\u00a0correta. Existe uma diferen\u00e7a entre o que \u00e9 preciso ser executado\u00a0e o que voc\u00ea deseja\u00a0fazer.<\/p>\n\n\t\t<\/div> \n\t<\/div> \n\t\t<\/div> \n\t<\/div> \n<\/div><\/div><\/div><section     data-speed=\"1\" class=\"parallax_section_holder \" style = \" height:390px; background-image:url('https:\/\/i2.wp.com\/www.solariscomunicacao.com.br\/institucional\/wp-content\/uploads\/2014\/06\/paralaks-14.jpg?fit=1920%2C853&ssl=1');\"><div class=\"parallax_content left\"><div class='parallax_section_inner_margin clearfix'>\n\t<div class=\"vc_col-sm-12 wpb_column vc_column_container \">\n\t\t<div class=\"wpb_wrapper\">\n\t\t\t<div     class=\"vc_row wpb_row section vc_inner vc_row-fluid grid_section\" style=' padding-top:50px; padding-bottom:50px; text-align:left;'><div class=\" section_inner clearfix\"><div class='section_inner_margin clearfix'>\n\t<div class=\"vc_col-sm-12 wpb_column vc_column_container \">\n\t\t<div class=\"wpb_wrapper\">\n\t\t\t<span class=\"q_font_elegant_holder q_icon_shortcode normal  \" style=\"font-size: 50px;color: #ffffff; \"><a href=\"#\" target=\"_self\" style=\"color: #ffffff;\"><span class=\"q_font_elegant_icon icon_quotations\" aria-hidden=\"true\" style=\"font-size: 50px;\"><\/span><\/a><\/span><div class=\"separator  transparent center  \" style=\"border-width:1px;margin-top:20px;margin-bottom:0px\"><\/div>\n<div class='testimonials_holder clearfix dark'><div class=\"testimonials testimonials_carousel\" data-show-navigation=\"no\" data-animation-type=\"fade\" data-animation-speed=\"220\" data-auto-rotate-slides=\"15\"><ul class=\"slides\"><li id=\"testimonials17958\" class=\"testimonial_content\"><div class=\"testimonial_content_inner\"><div class=\"testimonial_text_holder left_align\"><div class=\"testimonial_text_inner\"><p style='color:#ffffff;'>Com mais de 5 anos juntos temos a certeza de que ser parceiro da Solaris \u00e9 garantia de profissionalismo e criatividade, seja nos jobs mais duradouros ou at\u00e9 aqueles onde o briefing e a cria\u00e7\u00e3o quase andam em paralelo.<\/p><p class=\"testimonial_author\" style=\"color: #ffffff;\">- DANIEL BORGES - Supervisor de Trade Marketing Uberl\u00e2ndia Refrescos<\/p><\/div><\/div><\/div><\/li><li id=\"testimonials17957\" class=\"testimonial_content\"><div class=\"testimonial_content_inner\"><div class=\"testimonial_text_holder left_align\"><div class=\"testimonial_text_inner\"><p style='color:#ffffff;'>Sou cliente desde seu nascimento. O grande diferencial \u00e9 como se preocupam com cada projeto, avaliando e criando de acordo com o cen\u00e1rio do momento. Seriedade, comprometimento e profissionalismo norteiam seus profissionais. Isto tudo acaba iluminando o sucesso de minha empresa.<\/p><p class=\"testimonial_author\" style=\"color: #ffffff;\">- ALEX MENDES - Diretor Executivo Floema<\/p><\/div><\/div><\/div><\/li><li id=\"testimonials17953\" class=\"testimonial_content\"><div class=\"testimonial_content_inner\"><div class=\"testimonial_text_holder left_align\"><div class=\"testimonial_text_inner\"><p style='color:#ffffff;'>A Solaris descobriu a f\u00f3rmula certa de como trazer as solu\u00e7\u00f5es mais criativas para o dia-a-dia de nossa empresa. Trabalhar com eles \u00e9 sin\u00f4nimo de resultado e n\u00e3o \u00e9 a toa que esta parceria j\u00e1 dura tantos anos.<\/p><p class=\"testimonial_author\" style=\"color: #ffffff;\">- JOS\u00c9 ROBERTO TAKAHASHI - Diretor Executivo do Caf\u00e9 S\u00e3o Gotardo<\/p><\/div><\/div><\/div><\/li><\/ul><\/div><\/div>\n\t\t<\/div> \n\t<\/div> \n<\/div><\/div><\/div>\n\t\t<\/div> \n\t<\/div> \n<\/div><\/div><\/section><div     class=\"vc_row wpb_row section vc_row-fluid grid_section\" style='background-color:#ffffff; padding-top:84px; padding-bottom:91px; text-align:left;'><div class=\" section_inner clearfix\"><div class='section_inner_margin clearfix'>\n\t<div class=\"vc_col-sm-12 wpb_column vc_column_container \">\n\t\t<div class=\"wpb_wrapper\">\n\t\t\t<div class='qode_carousels_holder clearfix '><div class='qode_carousels'><ul class='slides'><li class='item'><div class=\"carousel_item_holder\"><a href='#' target='_self'><span class='first_image_holder has_hover_image'><img src='https:\/\/i1.wp.com\/www.solariscomunicacao.com.br\/institucional\/wp-content\/uploads\/2016\/06\/floema.png?w=1060' alt='Floema' data-recalc-dims=\"1\"><\/span><span class='second_image_holder has_hover_image'><img src='https:\/\/i2.wp.com\/www.solariscomunicacao.com.br\/institucional\/wp-content\/uploads\/2016\/06\/floema_back.png?w=1060' alt='Floema' data-recalc-dims=\"1\"><\/span><\/a><\/div><\/li><li class='item'><div class=\"carousel_item_holder\"><a href='http:\/\/www.cocacolauberlandia.com.br\/' target='_blank'><span class='first_image_holder has_hover_image'><img src='https:\/\/i1.wp.com\/www.solariscomunicacao.com.br\/institucional\/wp-content\/uploads\/2016\/06\/urla.png?w=1060' alt='Urla' data-recalc-dims=\"1\"><\/span><span class='second_image_holder has_hover_image'><img src='https:\/\/i0.wp.com\/www.solariscomunicacao.com.br\/institucional\/wp-content\/uploads\/2016\/06\/urla_back.png?w=1060' alt='Urla' data-recalc-dims=\"1\"><\/span><\/a><\/div><\/li><li class='item'><div class=\"carousel_item_holder\"><a href='#' target='_self'><span class='first_image_holder has_hover_image'><img src='https:\/\/i0.wp.com\/www.solariscomunicacao.com.br\/institucional\/wp-content\/uploads\/2016\/06\/cafesg.png?w=1060' alt='Caf\u00e9 SG' data-recalc-dims=\"1\"><\/span><span class='second_image_holder has_hover_image'><img src='https:\/\/i1.wp.com\/www.solariscomunicacao.com.br\/institucional\/wp-content\/uploads\/2016\/06\/cafesg_back.png?w=1060' alt='Caf\u00e9 SG' data-recalc-dims=\"1\"><\/span><\/a><\/div><\/li><li class='item'><div class=\"carousel_item_holder\"><a href='http:\/\/motominas.com.br\/' target='_blank'><span class='first_image_holder has_hover_image'><img src='https:\/\/i0.wp.com\/www.solariscomunicacao.com.br\/institucional\/wp-content\/uploads\/2016\/06\/motominas.png?w=1060' alt='Moto Minas' data-recalc-dims=\"1\"><\/span><span class='second_image_holder has_hover_image'><img src='https:\/\/i0.wp.com\/www.solariscomunicacao.com.br\/institucional\/wp-content\/uploads\/2016\/06\/motominas_back.png?w=1060' alt='Moto Minas' data-recalc-dims=\"1\"><\/span><\/a><\/div><\/li><li class='item'><div class=\"carousel_item_holder\"><a href='#' target='_self'><span class='first_image_holder has_hover_image'><img src='https:\/\/i0.wp.com\/www.solariscomunicacao.com.br\/institucional\/wp-content\/uploads\/2016\/06\/cantodeminas1.png?w=1060' alt='Canto de Minas' data-recalc-dims=\"1\"><\/span><span class='second_image_holder has_hover_image'><img src='https:\/\/i2.wp.com\/www.solariscomunicacao.com.br\/institucional\/wp-content\/uploads\/2016\/06\/cantodeminas_back.png?w=1060' alt='Canto de Minas' data-recalc-dims=\"1\"><\/span><\/a><\/div><\/li><li class='item'><div class=\"carousel_item_holder\"><a href='http:\/\/www.bioaroeira.com.br\/' target='_blank'><span class='first_image_holder has_hover_image'><img src='https:\/\/i0.wp.com\/www.solariscomunicacao.com.br\/institucional\/wp-content\/uploads\/2018\/04\/aroeira.png?w=1060' alt='Aroeira' data-recalc-dims=\"1\"><\/span><span class='second_image_holder has_hover_image'><img src='https:\/\/i2.wp.com\/www.solariscomunicacao.com.br\/institucional\/wp-content\/uploads\/2018\/04\/aroeira_back.png?w=1060' alt='Aroeira' data-recalc-dims=\"1\"><\/span><\/a><\/div><\/li><li class='item'><div class=\"carousel_item_holder\"><a href='http:\/\/repeat.ind.br\/' target='_blank'><span class='first_image_holder has_hover_image'><img src='https:\/\/i2.wp.com\/www.solariscomunicacao.com.br\/institucional\/wp-content\/uploads\/2018\/04\/repeat.png?w=1060' alt='Repeat' data-recalc-dims=\"1\"><\/span><span class='second_image_holder has_hover_image'><img src='https:\/\/i2.wp.com\/www.solariscomunicacao.com.br\/institucional\/wp-content\/uploads\/2018\/04\/repeat_back.png?w=1060' alt='Repeat' data-recalc-dims=\"1\"><\/span><\/a><\/div><\/li><li class='item'><div class=\"carousel_item_holder\"><span class='first_image_holder has_hover_image'><img src='https:\/\/i0.wp.com\/www.solariscomunicacao.com.br\/institucional\/wp-content\/uploads\/2016\/06\/coopadap.png?w=1060' alt='Coopadap' data-recalc-dims=\"1\"><\/span><span class='second_image_holder has_hover_image'><img src='https:\/\/i1.wp.com\/www.solariscomunicacao.com.br\/institucional\/wp-content\/uploads\/2016\/06\/coopadap_back.png?w=1060' alt='Coopadap' data-recalc-dims=\"1\"><\/span><\/div><\/li><\/ul><ul class=\"caroufredsel-direction-nav\"><li class=\"caroufredsel-prev-holder\"><a id=\"caroufredsel-prev\" class=\"qode_carousel_prev caroufredsel-navigation-item caroufredsel-prev\" href=\"javascript: void(0)\"><span class=\"arrow_carrot-left\"><\/span><\/a><\/li><li class=\"caroufredsel-next-holder\"><a class=\"qode_carousel_next caroufredsel-next caroufredsel-navigation-item\" id=\"caroufredsel-next\" href=\"javascript: void(0)\"><span class=\"arrow_carrot-right\"><\/span><\/a><\/li><\/ul><\/div><\/div><div class=\"separator  transparent center  \" style=\"border-width:1px;margin-top:7px;margin-bottom:0px\"><\/div>\n<div class=\"separator  transparent center  \" style=\"border-width:1px;margin-top:7px;margin-bottom:0px\"><\/div>\n\n\t\t<\/div> \n\t<\/div> \n<\/div><\/div><\/div><div     class=\"vc_row wpb_row section vc_row-fluid\" style=' text-align:left;'><div class=\" full_section_inner clearfix\">\n\t<div class=\"vc_col-sm-12 wpb_column vc_column_container \">\n\t\t<div class=\"wpb_wrapper\">\n\t\t\t\n\t<div class=\"wpb_gallery wpb_content_element clearfix\">\n\t\t<div class=\"wpb_wrapper\"><div class=\"wpb_gallery_slides wpb_slider_nivo theme-default\" data-interval=\"5\"><div class=\"nivoSlider\"><img width=\"1920\" height=\"435\" src=\"https:\/\/i0.wp.com\/www.solariscomunicacao.com.br\/institucional\/wp-content\/uploads\/2014\/05\/title-port-1a.jpg?fit=1920%2C435&amp;ssl=1\" class=\"attachment-full\" alt=\"\" loading=\"lazy\" srcset=\"https:\/\/i0.wp.com\/www.solariscomunicacao.com.br\/institucional\/wp-content\/uploads\/2014\/05\/title-port-1a.jpg?w=1920&amp;ssl=1 1920w, https:\/\/i0.wp.com\/www.solariscomunicacao.com.br\/institucional\/wp-content\/uploads\/2014\/05\/title-port-1a.jpg?resize=300%2C68&amp;ssl=1 300w, https:\/\/i0.wp.com\/www.solariscomunicacao.com.br\/institucional\/wp-content\/uploads\/2014\/05\/title-port-1a.jpg?resize=1024%2C232&amp;ssl=1 1024w, https:\/\/i0.wp.com\/www.solariscomunicacao.com.br\/institucional\/wp-content\/uploads\/2014\/05\/title-port-1a.jpg?resize=700%2C159&amp;ssl=1 700w, https:\/\/i0.wp.com\/www.solariscomunicacao.com.br\/institucional\/wp-content\/uploads\/2014\/05\/title-port-1a.jpg?resize=1100%2C249&amp;ssl=1 1100w\" sizes=\"(max-width: 1920px) 100vw, 1920px\" \/><img width=\"1920\" height=\"435\" src=\"https:\/\/i2.wp.com\/www.solariscomunicacao.com.br\/institucional\/wp-content\/uploads\/2014\/06\/image03.jpg?fit=1920%2C435&amp;ssl=1\" class=\"attachment-full\" alt=\"\" loading=\"lazy\" srcset=\"https:\/\/i2.wp.com\/www.solariscomunicacao.com.br\/institucional\/wp-content\/uploads\/2014\/06\/image03.jpg?w=1920&amp;ssl=1 1920w, https:\/\/i2.wp.com\/www.solariscomunicacao.com.br\/institucional\/wp-content\/uploads\/2014\/06\/image03.jpg?resize=300%2C68&amp;ssl=1 300w, https:\/\/i2.wp.com\/www.solariscomunicacao.com.br\/institucional\/wp-content\/uploads\/2014\/06\/image03.jpg?resize=1024%2C232&amp;ssl=1 1024w, https:\/\/i2.wp.com\/www.solariscomunicacao.com.br\/institucional\/wp-content\/uploads\/2014\/06\/image03.jpg?resize=700%2C159&amp;ssl=1 700w, https:\/\/i2.wp.com\/www.solariscomunicacao.com.br\/institucional\/wp-content\/uploads\/2014\/06\/image03.jpg?resize=1100%2C249&amp;ssl=1 1100w\" sizes=\"(max-width: 1920px) 100vw, 1920px\" \/><img width=\"1920\" height=\"435\" src=\"https:\/\/i1.wp.com\/www.solariscomunicacao.com.br\/institucional\/wp-content\/uploads\/2014\/06\/image02.jpg?fit=1920%2C435&amp;ssl=1\" class=\"attachment-full\" alt=\"\" loading=\"lazy\" srcset=\"https:\/\/i1.wp.com\/www.solariscomunicacao.com.br\/institucional\/wp-content\/uploads\/2014\/06\/image02.jpg?w=1920&amp;ssl=1 1920w, https:\/\/i1.wp.com\/www.solariscomunicacao.com.br\/institucional\/wp-content\/uploads\/2014\/06\/image02.jpg?resize=300%2C68&amp;ssl=1 300w, https:\/\/i1.wp.com\/www.solariscomunicacao.com.br\/institucional\/wp-content\/uploads\/2014\/06\/image02.jpg?resize=1024%2C232&amp;ssl=1 1024w, https:\/\/i1.wp.com\/www.solariscomunicacao.com.br\/institucional\/wp-content\/uploads\/2014\/06\/image02.jpg?resize=700%2C159&amp;ssl=1 700w, https:\/\/i1.wp.com\/www.solariscomunicacao.com.br\/institucional\/wp-content\/uploads\/2014\/06\/image02.jpg?resize=1100%2C249&amp;ssl=1 1100w\" sizes=\"(max-width: 1920px) 100vw, 1920px\" \/><\/div><\/div>\n\t\t<\/div> \n\t<\/div> \n\t\t<\/div> \n\t<\/div> \n<\/div><\/div>\n","protected":false},"excerpt":{"rendered":"","protected":false},"author":1,"featured_media":0,"parent":0,"menu_order":0,"comment_status":"open","ping_status":"open","template":"full_width.php","meta":[],"_links":{"self":[{"href":"https:\/\/www.solariscomunicacao.com.br\/institucional\/wp-json\/wp\/v2\/pages\/18859"}],"collection":[{"href":"https:\/\/www.solariscomunicacao.com.br\/institucional\/wp-json\/wp\/v2\/pages"}],"about":[{"href":"https:\/\/www.solariscomunicacao.com.br\/institucional\/wp-json\/wp\/v2\/types\/page"}],"author":[{"embeddable":true,"href":"https:\/\/www.solariscomunicacao.com.br\/institucional\/wp-json\/wp\/v2\/users\/1"}],"replies":[{"embeddable":true,"href":"https:\/\/www.solariscomunicacao.com.br\/institucional\/wp-json\/wp\/v2\/comments?post=18859"}],"version-history":[{"count":103,"href":"https:\/\/www.solariscomunicacao.com.br\/institucional\/wp-json\/wp\/v2\/pages\/18859\/revisions"}],"predecessor-version":[{"id":21483,"href":"https:\/\/www.solariscomunicacao.com.br\/institucional\/wp-json\/wp\/v2\/pages\/18859\/revisions\/21483"}],"wp:attachment":[{"href":"https:\/\/www.solariscomunicacao.com.br\/institucional\/wp-json\/wp\/v2\/media?parent=18859"}],"curies":[{"name":"wp","href":"https:\/\/api.w.org\/{rel}","templated":true}]}}